{"id":116,"date":"2025-09-06T16:13:47","date_gmt":"2025-09-06T14:13:47","guid":{"rendered":"https:\/\/jjbertran.com\/cookies-policy\/"},"modified":"2025-09-08T16:50:34","modified_gmt":"2025-09-08T14:50:34","slug":"cookies-policy","status":"publish","type":"page","link":"https:\/\/jjbertran.com\/es\/cookies-policy\/","title":{"rendered":"Cookies policy"},"content":{"rendered":"\n<p><strong>Concepto de Cookies<\/strong><\/p>\n\n\n\n<p>Las cookies constituyen una herramienta empleada por los servidores Web para almacenar y recuperar informaci\u00f3n acerca de sus visitantes o usuarios.<\/p>\n\n\n\n<p>No es m\u00e1s que un fichero de texto que algunos servidores instalan durante la navegaci\u00f3n y que permiten conocer informaci\u00f3n como por ejemplo: el lugar desde el que accede, el tiempo de conexi\u00f3n, el dispositivo desde el que accede (fijo o m\u00f3vil), el sistema operativo y navegador utilizados, las p\u00e1ginas m\u00e1s visitadas, el n\u00famero de clicks realizados y de datos respecto al comportamiento del usuario en Internet.<\/p>\n\n\n\n<p>No proporcionan referencias que permitan deducir el nombre y apellidos del usuario y no pueden leer datos de su disco duro ni incluir virus en sus equipos.<\/p>\n\n\n\n<p>Asimismo, no puede leer las cookies implantadas en el disco duro del usuario desde otros servidores.<\/p>\n\n\n\n<p><strong>\u00bfPor qu\u00e9 son importantes?<\/strong><\/p>\n\n\n\n<p>El sitio web es accesible sin necesidad de que las cookies est\u00e9n activadas, si bien, su desactivaci\u00f3n puede impedir su funcionamiento correcto.<\/p>\n\n\n\n<p>Desde un punto de vista t\u00e9cnico las cookies permiten que los sitios web funcionen de forma m\u00e1s \u00e1gil y adaptada a las preferencias de los usuarios, como por ejemplo almacenar el idioma, la moneda del pa\u00eds o detectar el dispositivo de acceso.<\/p>\n\n\n\n<p>Establecen niveles de protecci\u00f3n y seguridad que Impiden o dificultan ciberataques contra el sitio web o sus usuarios.<\/p>\n\n\n\n<p>Permiten que los gestores de los medios puedan conocer datos estad\u00edsticos recopilados para mejorar la calidad y experiencia de sus servicios.<\/p>\n\n\n\n<p>Sirven para optimizar la publicidad que mostramos a los usuarios, ofreciendo la que m\u00e1s se ajusta a sus intereses.<\/p>\n\n\n\n<p><strong>Autorizaci\u00f3n para el uso de cookies<\/strong><\/p>\n\n\n\n<p>En el sitio web aparece un Aviso de Cookies que el usuario o visitante puede aceptar, consintiendo expresamente al uso de las cookies seg\u00fan se indica a continuaci\u00f3n.<\/p>\n\n\n\n<p>El usuario puede configurar su navegador para rechazar por defecto todas las cookies o para recibir un aviso en pantalla de la recepci\u00f3n de cada cookie y decidir sobre su instalaci\u00f3n o no en su disco duro.<\/p>\n\n\n\n<p><strong>Configuraci\u00f3n del navegador<\/strong><\/p>\n\n\n\n<p>THE PLINCY, S.L. recuerda a sus usuarios que el uso de cookies podr\u00e1 estar sujeto a su aceptaci\u00f3n durante la instalaci\u00f3n o actualizaci\u00f3n del navegador utilizado por \u00e9stos.<\/p>\n\n\n\n<p>Esta aceptaci\u00f3n podr\u00e1 ser revocada mediante las opciones de configuraci\u00f3n de contenidos y privacidad disponibles en el mismo. El Titular recomienda a sus usuarios que consulten la ayuda de su navegador o acceda a las p\u00e1ginas web de ayuda de los principales navegadores: Firefox,<\/p>\n\n\n\n<p>Internet Explorer, Safari, Chrome.<\/p>\n\n\n\n<p>Si desea m\u00e1s informaci\u00f3n acerca de c\u00f3mo revocar el consentimiento prestado o sobre el procedimiento para deshabilitar las cookies, as\u00ed como realizar alguna pregunta sobre la Pol\u00edtica de Cookies, puede contactar con el titular a trav\u00e9s de la siguiente direcci\u00f3n de correo electr\u00f3nico:<\/p>\n\n\n\n<p>info@jjbertran.com indicando \u201cPol\u00edtica de Cookies\u201d en el asunto.<\/p>\n\n\n\n<p><strong>Tipos de Cookies que se utilizan en la Web<\/strong><\/p>\n\n\n\n<p>El usuario que navega por la Web puede encontrar cookies insertadas directamente por el titular, o bien cookies insertadas por entidades distintas al titular, seg\u00fan lo detallado en los siguientes apartados:<\/p>\n\n\n\n<p>(indicar los tipos de cookies empleadas)<\/p>\n\n\n\n<p>* <strong>Cookies de sesi\u00f3n<\/strong>, expiran cuando el usuario abandona la p\u00e1gina o cierra el navegador, es decir, est\u00e1n activas mientras dura la visita al sitio web y por tanto son borradas de nuestro ordenador al abandonarlo.<\/p>\n\n\n\n<p>* <strong>Cookies permanentes<\/strong>, expiran cuando se cumple el objetivo para el que sirven o bien cuando se borran manualmente, tienen fecha de borrado y se utilizan normalmente en proceso de compra online, personalizaciones o en el registro, para no tener que introducir una contrase\u00f1a constantemente.<\/p>\n\n\n\n<p>Seg\u00fan la entidad que gestiona el equipo o dominio desde donde se env\u00edan las cookies y trata los datos que se obtengan, podemos distinguir entre Cookies propias y de terceros.<\/p>\n\n\n\n<p>* <strong>Cookies propias <\/strong>son aquellas cookies que son enviadas al ordenador del usuario y son gestionadas exclusivamente por nosotros para el mejor funcionamiento del Sitio Web. La informaci\u00f3n que recabamos se emplea para mejorar la calidad de nuestro servicio y tu experiencia como usuario.<\/p>\n\n\n\n<p>* <strong>Cookies de terceros<\/strong>, cuando el usuario interact\u00faa con el contenido de nuestro sitio Web tambi\u00e9n pueden establecerse cookies de terceros (por ejemplo, al pulsar botones de redes sociales o visionar v\u00eddeos alojados en otro sitio web), que son aquellas establecidas por un dominio diferente de nuestro Sitio Web. No podemos acceder a los datos almacenados en las cookies de otros sitios web cuando navegues en los citados sitios web.Navegar por este portal web supone que se puedan instalar los siguientes tipos de Cookies:<\/p>\n\n\n\n<p>Tipo de Cookie: De rendimiento<\/p>\n\n\n\n<p>Descripci\u00f3n: Estas cookies se utilizan para mejorar tu experiencia de navegaci\u00f3n y optimizar el funcionamiento de nuestros sitios web. Almacenan configuraciones de servicios para que no tengas que reconfigurarlos cada vez que nos visitas.<br>Ejemplos de uso: Ajustes de volumen de reproductores de v\u00eddeo o sonido. Velocidades de transmisi\u00f3n de video \u00f3ptimas. Almacena la compra realizada en un \u201ccarrito de la compra\u201d en los servicios de E-commerce.<\/p>\n\n\n\n<p>Tipo de Cookie: De geolocalizaci\u00f3n<br>Descripci\u00f3n: Estas cookies se utilizan para almacenar datos de geolocalizaci\u00f3n del ordenador o dispositivos para ofrecerte contenidos y servicios m\u00e1s adecuados. Ejemplos de uso: Contenidos ajustados al pa\u00eds, ciudad, idioma, etc.<\/p>\n\n\n\n<p>Tipo de Cookie: De registro<br>Descripci\u00f3n: Las cookies de registro se crean al registrarte o cuando inicias sesi\u00f3n en uno de nuestros portales web. Ejemplos de uso: Puedes mantenerte autenticado aunque cierres el navegado, as\u00ed<br>cuando vuelvas seguir\u00e1s identificado a menos que te desconectes o cierres la sesi\u00f3n.<br>Para acceder a ciertas zonas de nuestros portales web, por ejemplo para participar en un concurso.<\/p>\n\n\n\n<p>Tipo de Cookie: Anal\u00edticas<br>Descripci\u00f3n:Estas cookies recopilan informaci\u00f3n de tu experiencia de navegaci\u00f3n en nuestros portales web de forma totalmente an\u00f3nima. Ejemplos de uso:Podemos contabilizar el n\u00famero de visitantes de la p\u00e1gina o los contenidos m\u00e1s visitados. Podemos saber si el usuario que est\u00e9 accediendo es nuevo o repite visita. Esa informaci\u00f3n puede ayudarnos a mejorar la navegaci\u00f3n y darte un mejor servicio.<\/p>\n\n\n\n<p>Tipo de Cookie: De publicidad<br>Descripci\u00f3n:Estas cookies recogen informaci\u00f3n sobre los anuncios mostrados a cada usuario an\u00f3nimo en los portales web. Ejemplos de uso:Adaptar la publicidad al tipo de dispositivo desde el que el usuario se est\u00e1 conectando. Proporcionar anuncios gestionados a trav\u00e9s de terceros \u201cAd-servers\u201d que son mostrados en la p\u00e1gina en tiempo real.<\/p>\n","protected":false},"excerpt":{"rendered":"<p>Concepto de Cookies Las cookies constituyen una herramienta empleada por los servidores Web para almacenar y recuperar informaci\u00f3n acerca de sus visitantes o usuarios. No es m\u00e1s que un fichero de texto que algunos servidores instalan durante la navegaci\u00f3n y que permiten conocer informaci\u00f3n como por ejemplo: el lugar desde el que accede, el tiempo [&hellip;]<\/p>\n","protected":false},"author":1,"featured_media":0,"parent":0,"menu_order":0,"comment_status":"closed","ping_status":"closed","template":"","meta":{"_acf_changed":false,"footnotes":""},"class_list":["post-116","page","type-page","status-publish","hentry"],"acf":[],"yoast_head":"<!-- This site is optimized with the Yoast SEO plugin v27.3 - https:\/\/yoast.com\/product\/yoast-seo-wordpress\/ -->\n<title>Cookies policy - JJ Bertran<\/title>\n<meta name=\"robots\" content=\"index, follow, max-snippet:-1, max-image-preview:large, max-video-preview:-1\" \/>\n<link rel=\"canonical\" href=\"https:\/\/jjbertran.com\/es\/cookies-policy\/\" \/>\n<meta property=\"og:locale\" content=\"es_ES\" \/>\n<meta property=\"og:type\" content=\"article\" \/>\n<meta property=\"og:title\" content=\"Cookies policy - JJ Bertran\" \/>\n<meta property=\"og:description\" content=\"Concepto de Cookies Las cookies constituyen una herramienta empleada por los servidores Web para almacenar y recuperar informaci\u00f3n acerca de sus visitantes o usuarios. No es m\u00e1s que un fichero de texto que algunos servidores instalan durante la navegaci\u00f3n y que permiten conocer informaci\u00f3n como por ejemplo: el lugar desde el que accede, el tiempo [&hellip;]\" \/>\n<meta property=\"og:url\" content=\"https:\/\/jjbertran.com\/es\/cookies-policy\/\" \/>\n<meta property=\"og:site_name\" content=\"JJ Bertran\" \/>\n<meta property=\"article:modified_time\" content=\"2025-09-08T14:50:34+00:00\" \/>\n<meta name=\"twitter:card\" content=\"summary_large_image\" \/>\n<meta name=\"twitter:label1\" content=\"Tiempo de lectura\" \/>\n\t<meta name=\"twitter:data1\" content=\"5 minutos\" \/>\n<script type=\"application\/ld+json\" class=\"yoast-schema-graph\">{\"@context\":\"https:\\\/\\\/schema.org\",\"@graph\":[{\"@type\":\"WebPage\",\"@id\":\"https:\\\/\\\/jjbertran.com\\\/es\\\/cookies-policy\\\/\",\"url\":\"https:\\\/\\\/jjbertran.com\\\/es\\\/cookies-policy\\\/\",\"name\":\"Cookies policy - JJ Bertran\",\"isPartOf\":{\"@id\":\"https:\\\/\\\/jjbertran.com\\\/#website\"},\"datePublished\":\"2025-09-06T14:13:47+00:00\",\"dateModified\":\"2025-09-08T14:50:34+00:00\",\"breadcrumb\":{\"@id\":\"https:\\\/\\\/jjbertran.com\\\/es\\\/cookies-policy\\\/#breadcrumb\"},\"inLanguage\":\"es\",\"potentialAction\":[{\"@type\":\"ReadAction\",\"target\":[\"https:\\\/\\\/jjbertran.com\\\/es\\\/cookies-policy\\\/\"]}]},{\"@type\":\"BreadcrumbList\",\"@id\":\"https:\\\/\\\/jjbertran.com\\\/es\\\/cookies-policy\\\/#breadcrumb\",\"itemListElement\":[{\"@type\":\"ListItem\",\"position\":1,\"name\":\"Home\",\"item\":\"https:\\\/\\\/jjbertran.com\\\/es\\\/home\\\/\"},{\"@type\":\"ListItem\",\"position\":2,\"name\":\"Cookies policy\"}]},{\"@type\":\"WebSite\",\"@id\":\"https:\\\/\\\/jjbertran.com\\\/#website\",\"url\":\"https:\\\/\\\/jjbertran.com\\\/\",\"name\":\"JJ Bertran\",\"description\":\"Strategic Branding &amp; Packaging Design for Wines &amp; Spirits\",\"potentialAction\":[{\"@type\":\"SearchAction\",\"target\":{\"@type\":\"EntryPoint\",\"urlTemplate\":\"https:\\\/\\\/jjbertran.com\\\/?s={search_term_string}\"},\"query-input\":{\"@type\":\"PropertyValueSpecification\",\"valueRequired\":true,\"valueName\":\"search_term_string\"}}],\"inLanguage\":\"es\"}]}<\/script>\n<!-- \/ Yoast SEO plugin. -->","yoast_head_json":{"title":"Cookies policy - JJ Bertran","robots":{"index":"index","follow":"follow","max-snippet":"max-snippet:-1","max-image-preview":"max-image-preview:large","max-video-preview":"max-video-preview:-1"},"canonical":"https:\/\/jjbertran.com\/es\/cookies-policy\/","og_locale":"es_ES","og_type":"article","og_title":"Cookies policy - JJ Bertran","og_description":"Concepto de Cookies Las cookies constituyen una herramienta empleada por los servidores Web para almacenar y recuperar informaci\u00f3n acerca de sus visitantes o usuarios. No es m\u00e1s que un fichero de texto que algunos servidores instalan durante la navegaci\u00f3n y que permiten conocer informaci\u00f3n como por ejemplo: el lugar desde el que accede, el tiempo [&hellip;]","og_url":"https:\/\/jjbertran.com\/es\/cookies-policy\/","og_site_name":"JJ Bertran","article_modified_time":"2025-09-08T14:50:34+00:00","twitter_card":"summary_large_image","twitter_misc":{"Tiempo de lectura":"5 minutos"},"schema":{"@context":"https:\/\/schema.org","@graph":[{"@type":"WebPage","@id":"https:\/\/jjbertran.com\/es\/cookies-policy\/","url":"https:\/\/jjbertran.com\/es\/cookies-policy\/","name":"Cookies policy - JJ Bertran","isPartOf":{"@id":"https:\/\/jjbertran.com\/#website"},"datePublished":"2025-09-06T14:13:47+00:00","dateModified":"2025-09-08T14:50:34+00:00","breadcrumb":{"@id":"https:\/\/jjbertran.com\/es\/cookies-policy\/#breadcrumb"},"inLanguage":"es","potentialAction":[{"@type":"ReadAction","target":["https:\/\/jjbertran.com\/es\/cookies-policy\/"]}]},{"@type":"BreadcrumbList","@id":"https:\/\/jjbertran.com\/es\/cookies-policy\/#breadcrumb","itemListElement":[{"@type":"ListItem","position":1,"name":"Home","item":"https:\/\/jjbertran.com\/es\/home\/"},{"@type":"ListItem","position":2,"name":"Cookies policy"}]},{"@type":"WebSite","@id":"https:\/\/jjbertran.com\/#website","url":"https:\/\/jjbertran.com\/","name":"JJ Bertran","description":"Strategic Branding &amp; Packaging Design for Wines &amp; Spirits","potentialAction":[{"@type":"SearchAction","target":{"@type":"EntryPoint","urlTemplate":"https:\/\/jjbertran.com\/?s={search_term_string}"},"query-input":{"@type":"PropertyValueSpecification","valueRequired":true,"valueName":"search_term_string"}}],"inLanguage":"es"}]}},"_links":{"self":[{"href":"https:\/\/jjbertran.com\/es\/wp-json\/wp\/v2\/pages\/116","targetHints":{"allow":["GET"]}}],"collection":[{"href":"https:\/\/jjbertran.com\/es\/wp-json\/wp\/v2\/pages"}],"about":[{"href":"https:\/\/jjbertran.com\/es\/wp-json\/wp\/v2\/types\/page"}],"author":[{"embeddable":true,"href":"https:\/\/jjbertran.com\/es\/wp-json\/wp\/v2\/users\/1"}],"replies":[{"embeddable":true,"href":"https:\/\/jjbertran.com\/es\/wp-json\/wp\/v2\/comments?post=116"}],"version-history":[{"count":1,"href":"https:\/\/jjbertran.com\/es\/wp-json\/wp\/v2\/pages\/116\/revisions"}],"predecessor-version":[{"id":135,"href":"https:\/\/jjbertran.com\/es\/wp-json\/wp\/v2\/pages\/116\/revisions\/135"}],"wp:attachment":[{"href":"https:\/\/jjbertran.com\/es\/wp-json\/wp\/v2\/media?parent=116"}],"curies":[{"name":"wp","href":"https:\/\/api.w.org\/{rel}","templated":true}]}}